{"id":16,"date":"2021-02-01T12:57:19","date_gmt":"2021-02-01T12:57:19","guid":{"rendered":"https:\/\/codmedia.hu\/?page_id=16"},"modified":"2021-06-17T12:44:04","modified_gmt":"2021-06-17T12:44:04","slug":"cod","status":"publish","type":"page","link":"https:\/\/codmedia.hu\/","title":{"rendered":"COD"},"content":{"rendered":"<p>[et_pb_section fb_built=&#8221;1&#8243; fullwidth=&#8221;on&#8221; _builder_version=&#8221;4.8.2&#8243; _module_preset=&#8221;default&#8221;][et_pb_fullwidth_slider use_bg_overlay=&#8221;off&#8221; use_text_overlay=&#8221;off&#8221; _builder_version=&#8221;4.8.2&#8243; _module_preset=&#8221;default&#8221; header_font=&#8221;|800|||||||&#8221; header_text_align=&#8221;left&#8221; custom_button=&#8221;on&#8221; button_bg_color=&#8221;#3d94ac&#8221; button_border_width=&#8221;0px&#8221; text_orientation=&#8221;left&#8221;][et_pb_slide heading=&#8221;Grafika \u00e9s design tervez\u00e9s&#8221; button_text=&#8221;Szolg\u00e1ltat\u00e1s megrendel\u00e9se&#8221; button_link=&#8221;#elerhetoseg&#8221; _builder_version=&#8221;4.8.2&#8243; _module_preset=&#8221;default&#8221; background_color=&#8221;rgba(0,0,0,0.55)&#8221; background_enable_color=&#8221;on&#8221; background_image=&#8221;https:\/\/codmedia.hu\/wp-content\/uploads\/2021\/02\/pexels-cottonbro-5054208-scaled.jpg&#8221; background_enable_image=&#8221;on&#8221; background_blend=&#8221;overlay&#8221; sticky_transition=&#8221;on&#8221;][\/et_pb_slide][et_pb_slide heading=&#8221;Online \u00e9s offline marketing&#8221; button_text=&#8221;Szolg\u00e1ltat\u00e1s megrendel\u00e9se&#8221; button_link=&#8221;#elerhetoseg&#8221; _builder_version=&#8221;4.8.2&#8243; _module_preset=&#8221;default&#8221; background_color=&#8221;rgba(0,0,0,0.55)&#8221; background_enable_color=&#8221;on&#8221; background_image=&#8221;https:\/\/codmedia.hu\/wp-content\/uploads\/2021\/02\/headway-5QgIuuBxKwM-unsplash-scaled.jpg&#8221; background_enable_image=&#8221;on&#8221; background_blend=&#8221;overlay&#8221; sticky_transition=&#8221;on&#8221;][\/et_pb_slide][et_pb_slide heading=&#8221;Rendezv\u00e9nyszervez\u00e9s&#8221; button_text=&#8221;Szolg\u00e1ltat\u00e1s megrendel\u00e9se&#8221; button_link=&#8221;#elerhetoseg&#8221; _builder_version=&#8221;4.8.2&#8243; _module_preset=&#8221;default&#8221; background_color=&#8221;rgba(34,34,34,0.74)&#8221; background_enable_color=&#8221;on&#8221; background_image=&#8221;https:\/\/codmedia.hu\/wp-content\/uploads\/2021\/02\/pexels-skitterphoto-722708-scaled.jpg&#8221; background_enable_image=&#8221;on&#8221; background_blend=&#8221;overlay&#8221; sticky_transition=&#8221;on&#8221;][\/et_pb_slide][\/et_pb_fullwidth_slider][\/et_pb_section][et_pb_section fb_built=&#8221;1&#8243; module_id=&#8221;bemutatkozas&#8221; _builder_version=&#8221;4.8.2&#8243; _module_preset=&#8221;default&#8221; background_color=&#8221;rgba(0,0,0,0.59)&#8221; use_background_color_gradient=&#8221;on&#8221; background_color_gradient_start=&#8221;#000000&#8243; background_color_gradient_end=&#8221;#3d94ac&#8221; background_color_gradient_direction=&#8221;248deg&#8221; background_enable_image=&#8221;off&#8221; background_blend=&#8221;overlay&#8221;][et_pb_row column_structure=&#8221;1_2,1_2&#8243; _builder_version=&#8221;4.8.2&#8243; _module_preset=&#8221;default&#8221;][et_pb_column type=&#8221;1_2&#8243; _builder_version=&#8221;4.8.2&#8243; _module_preset=&#8221;default&#8221;][et_pb_text _builder_version=&#8221;4.8.2&#8243; _module_preset=&#8221;default&#8221; text_text_color=&#8221;#FFFFFF&#8221;]<\/p>\n<p>C\u00e9g\u00fcnk a COD M\u00e9dia \u00e9s Kommunik\u00e1ci\u00f3s Kft. 2018-ban alap\u00edtottuk azzal a c\u00e9lkit\u0171z\u00e9ssel, hogy a lehet\u0151 legjobb megold\u00e1sokat tudjuk ny\u00fajtani partnereinknek strat\u00e9gia, m\u00e1rka\u00e9p\u00edt\u00e9s, a PR- \u00e9s arculati kommunik\u00e1ci\u00f3s szolg\u00e1ltat\u00e1sok ter\u00e9n. Szolg\u00e1ltat\u00e1saink teljes k\u00f6r\u0171en kiterjednek a grafikai tervez\u00e9st\u0151l a teljes k\u00f6r\u0171 kivitelez\u00e9sig, \u00edgy n\u00e1lunk mindent megtal\u00e1lsz, amire sz\u00fcks\u00e9ge lehet c\u00e9gednek legyen az online vagy offline marketing.<\/p>\n<p>Sz\u00e1munkra az elv\u00e9gzett munka min\u0151s\u00e9ge \u00e9s \u00fcgyfeleink el\u00e9gedetts\u00e9ge a legfontosabb \u00e9s ez\u00e9rt dolgozunk nap, mint nap.<\/p>\n<p>[\/et_pb_text][\/et_pb_column][et_pb_column type=&#8221;1_2&#8243; _builder_version=&#8221;4.8.2&#8243; _module_preset=&#8221;default&#8221;][et_pb_image src=&#8221;https:\/\/codmedia.hu\/wp-content\/uploads\/2021\/02\/cod-logo.png&#8221; title_text=&#8221;cod-logo&#8221; _builder_version=&#8221;4.8.2&#8243; _module_preset=&#8221;default&#8221; width=&#8221;60%&#8221; module_alignment=&#8221;center&#8221; custom_margin=&#8221;35px|||||&#8221;][\/et_pb_image][\/et_pb_column][\/et_pb_row][\/et_pb_section][et_pb_section fb_built=&#8221;1&#8243; module_id=&#8221;szolgaltatas&#8221; _builder_version=&#8221;4.8.2&#8243; _module_preset=&#8221;default&#8221; custom_padding=&#8221;||100px|||&#8221;][et_pb_row _builder_version=&#8221;4.8.2&#8243; _module_preset=&#8221;default&#8221;][et_pb_column type=&#8221;4_4&#8243; _builder_version=&#8221;4.8.2&#8243; _module_preset=&#8221;default&#8221;][et_pb_text _builder_version=&#8221;4.8.2&#8243; _module_preset=&#8221;default&#8221; text_font=&#8221;|800||on|||||&#8221; text_text_color=&#8221;#2c3240&#8243; text_font_size=&#8221;32px&#8221;]<\/p>\n<p>Szolg\u00e1ltat\u00e1saink<\/p>\n<p>[\/et_pb_text][\/et_pb_column][\/et_pb_row][et_pb_row column_structure=&#8221;1_3,1_3,1_3&#8243; _builder_version=&#8221;4.8.2&#8243; _module_preset=&#8221;default&#8221;][et_pb_column type=&#8221;1_3&#8243; _builder_version=&#8221;4.8.2&#8243; _module_preset=&#8221;default&#8221;][et_pb_blurb title=&#8221;Rendezv\u00e9nyszervez\u00e9s&#8221; image=&#8221;https:\/\/codmedia.hu\/wp-content\/uploads\/2021\/02\/rendezvenyszervezes.png&#8221; image_max_width=&#8221;75%&#8221; _builder_version=&#8221;4.8.2&#8243; _module_preset=&#8221;default&#8221; header_font=&#8221;|800|||||||&#8221; header_text_align=&#8221;center&#8221; text_orientation=&#8221;justified&#8221;]<\/p>\n<p>Workshopot szervezn\u00e9l vagy valamilyen c\u00e9ges rendezv\u00e9nyt? Esetleg konferenci\u00e1t? B\u00edzd r\u00e1nk, mi kital\u00e1ljuk, megtervezz\u00fck \u00e9s k\u00f6lts\u00e9ghat\u00e9konyan megcsin\u00e1ljuk az egyedi ig\u00e9nyeidnek megfelel\u0151en. A teremb\u00e9rl\u00e9st\u0151l, a cateringen kereszt\u00fcl a f\u00e9ny- \u00e9s hangtechink\u00e1n \u00e1t eg\u00e9szen a fot\u00f3s vagy a hostessek szervez\u00e9ig mindent elint\u00e9z\u00fcnk.<\/p>\n<p>[\/et_pb_blurb][\/et_pb_column][et_pb_column type=&#8221;1_3&#8243; _builder_version=&#8221;4.8.2&#8243; _module_preset=&#8221;default&#8221;][et_pb_blurb title=&#8221;Online \u00e9s offline marketing&#8221; image=&#8221;https:\/\/codmedia.hu\/wp-content\/uploads\/2021\/02\/oo-marketing.png&#8221; image_max_width=&#8221;75%&#8221; _builder_version=&#8221;4.8.2&#8243; _module_preset=&#8221;default&#8221; header_font=&#8221;|800|||||||&#8221; header_text_align=&#8221;center&#8221; text_orientation=&#8221;justified&#8221;]<\/p>\n<p>Sz\u00fcks\u00e9ge volna a c\u00e9gednek online vagy offline rekl\u00e1mra? Esetleg egy term\u00e9kedet vagy szolg\u00e1ltat\u00e1sodat szeretn\u00e9d rekl\u00e1mozni? Mi seg\u00edt\u00fcnk, hogy a marketingre sz\u00e1nt k\u00f6lts\u00e9ged ne az ablakon kidobott p\u00e9nz legyen. C\u00e9g\u00fcnk elk\u00f6telezett abban, hogy \u00fcgyfeleinknek ig\u00e9nyeire t\u00e1maszkodva a lehet\u0151 legjobb megold\u00e1sokat k\u00edn\u00e1ljuk \u00e9s olyan PR megold\u00e1sokat tal\u00e1ljunk, melyekkel n\u00f6velhetik bev\u00e9teleiket vagy c\u00e9g\u00fck l\u00e1that\u00f3s\u00e1g\u00e1t. A tervez\u00e9st\u0151l a kivitelez\u00e9sig sz\u00e1m\u00edthat r\u00e1nk.<\/p>\n<p>[\/et_pb_blurb][\/et_pb_column][et_pb_column type=&#8221;1_3&#8243; _builder_version=&#8221;4.8.2&#8243; _module_preset=&#8221;default&#8221;][et_pb_blurb title=&#8221;Grafika \u00e9s design tervez\u00e9s&#8221; image=&#8221;https:\/\/codmedia.hu\/wp-content\/uploads\/2021\/02\/grafikaesdesign.png&#8221; image_max_width=&#8221;75%&#8221; _builder_version=&#8221;4.8.2&#8243; _module_preset=&#8221;default&#8221; header_font=&#8221;|800|||||||&#8221; header_text_align=&#8221;center&#8221; text_orientation=&#8221;justified&#8221;]<\/p>\n<p>Egy c\u00e9g sz\u00e1m\u00e1ra meglehet\u0151sen fontos a megfelel\u0151en megtervezett \u00e9s elk\u00e9sz\u00edtett grafikai tervez\u00e9s. Egy profi arculat kialak\u00edt\u00e1sa manaps\u00e1g elengedhetetlen, hogy a piaci versenyben<br \/>helyt tudjon \u00e1llni a c\u00e9ge, \u00e9ppen ez\u00e9rt v\u00e1llalunk magas sz\u00ednvonal\u00fa grafikai tervez\u00e9st,<br \/>arculattervez\u00e9st, log\u00f3 tervez\u00e9st, n\u00e9vjegyk\u00e1rtya, term\u00e9kcsomagol\u00e1s, \u00e9s egy\u00e9b design ter\u00fcleteken is ny\u00fajtunk szolg\u00e1ltat\u00e1st \u00fcgyfeleinknek.<\/p>\n<p>[\/et_pb_blurb][\/et_pb_column][\/et_pb_row][et_pb_row column_structure=&#8221;1_2,1_2&#8243; _builder_version=&#8221;4.8.2&#8243; _module_preset=&#8221;default&#8221;][et_pb_column type=&#8221;1_2&#8243; _builder_version=&#8221;4.8.2&#8243; _module_preset=&#8221;default&#8221;][et_pb_blurb title=&#8221;Nyomdai munk\u00e1k&#8221; image=&#8221;https:\/\/codmedia.hu\/wp-content\/uploads\/2021\/02\/nyomatatas.png&#8221; image_max_width=&#8221;50%&#8221; _builder_version=&#8221;4.8.2&#8243; _module_preset=&#8221;default&#8221; header_font=&#8221;|800|||||||&#8221; header_text_align=&#8221;center&#8221; text_orientation=&#8221;justified&#8221;]<\/p>\n<p>Hi\u00e1ba \u00e9l\u00fcnk m\u00e1r a digit\u00e1lis korban, a pap\u00edr szerepe m\u00e9g mindig megker\u00fclhetetlen az \u00fczleti \u00e9letben. Az \u00edzl\u00e9ses \u00e9s min\u0151s\u00e9gi nyomdai kivitelez\u00e9s k\u00e9pet ad a v\u00e1llalkoz\u00e1sodr\u00f3l, mutatja, mennyire vagy ig\u00e9nyes magaddal \u00e9s m\u00e1sokkal szemben, legyen sz\u00f3 egy n\u00e9vjegyk\u00e1rt\u00e1yr\u00f3l vagy egy prospektusr\u00f3l. C\u00e9g\u00fcnk teljesk\u00f6r\u0171 nyomdai szolg\u00e1ltat\u00e1st k\u00edn\u00e1l a tervez\u00e9st\u0151l a kivitelez\u00e9sig, b\u00e1rmilyen ig\u00e9nyr\u0151l van sz\u00f3<\/p>\n<p>[\/et_pb_blurb][\/et_pb_column][et_pb_column type=&#8221;1_2&#8243; _builder_version=&#8221;4.8.2&#8243; _module_preset=&#8221;default&#8221;][et_pb_blurb title=&#8221;Film \u00e9s vide\u00f3 gy\u00e1rt\u00e1s&#8221; image=&#8221;https:\/\/codmedia.hu\/wp-content\/uploads\/2021\/02\/film.png&#8221; image_max_width=&#8221;50%&#8221; _builder_version=&#8221;4.8.2&#8243; _module_preset=&#8221;default&#8221; header_font=&#8221;|800|||||||&#8221; header_text_align=&#8221;center&#8221; text_orientation=&#8221;justified&#8221;]<\/p>\n<p>A rekl\u00e1m- vagy prom\u00f3ci\u00f3s filmet, vide\u00f3kat szeretn\u00e9l k\u00e9sz\u00edttetni v\u00e1llalkoz\u00e1sodr\u00f3l, term\u00e9keidnek, szolg\u00e1ltat\u00e1saidnak? J\u00f3 helyen j\u00e1rsz. Felejtsd el az unalmas c\u00e9ges bemutat\u00f3kat, rekl\u00e1mokat! T\u00f6bb \u00e9ves szakmai tud\u00e1ssal , modern felszerel\u00e9ssel rendelkez\u0151 csapatunk megb\u00edzhat\u00f3an \u00e9s prec\u00edzen dolgozik, b\u00edzd r\u00e1nk v\u00e1llalkoz\u00e1sod, term\u00e9keid vagy szolg\u00e1ltat\u00e1said mozg\u00f3k\u00e9pes bemutat\u00e1s\u00e1t ,rekl\u00e1moz\u00e1s\u00e1t.<\/p>\n<p>[\/et_pb_blurb][\/et_pb_column][\/et_pb_row][\/et_pb_section][et_pb_section fb_built=&#8221;1&#8243; disabled_on=&#8221;on|on|on&#8221; module_id=&#8221;ref&#8221; _builder_version=&#8221;4.8.2&#8243; _module_preset=&#8221;default&#8221; background_color=&#8221;#3d94ac&#8221; disabled=&#8221;on&#8221;][et_pb_row _builder_version=&#8221;4.8.2&#8243; _module_preset=&#8221;default&#8221;][et_pb_column type=&#8221;4_4&#8243; _builder_version=&#8221;4.8.2&#8243; _module_preset=&#8221;default&#8221;][et_pb_text _builder_version=&#8221;4.8.2&#8243; _module_preset=&#8221;default&#8221; text_font=&#8221;|800||on|||||&#8221; text_text_color=&#8221;#2c3240&#8243; text_font_size=&#8221;32px&#8221;]<\/p>\n<p>Referenci\u00e1ink<\/p>\n<p>[\/et_pb_text][et_pb_text _builder_version=&#8221;4.8.2&#8243; _module_preset=&#8221;default&#8221; text_text_color=&#8221;#FFFFFF&#8221;]<\/p>\n<p>Your content goes here. Edit or remove this text inline or in the module Content settings. You can also style every aspect of this content in the module Design settings and even apply custom CSS to this text in the module Advanced settings.<\/p>\n<p>[\/et_pb_text][\/et_pb_column][\/et_pb_row][et_pb_row column_structure=&#8221;1_4,1_4,1_4,1_4&#8243; _builder_version=&#8221;4.8.2&#8243; _module_preset=&#8221;default&#8221;][et_pb_column type=&#8221;1_4&#8243; _builder_version=&#8221;4.8.2&#8243; _module_preset=&#8221;default&#8221;][et_pb_image src=&#8221;https:\/\/codmedia.hu\/wp-content\/uploads\/2021\/02\/UNESCO_logo_white.png&#8221; title_text=&#8221;UNESCO_logo_white&#8221; _builder_version=&#8221;4.8.2&#8243; _module_preset=&#8221;default&#8221;][\/et_pb_image][\/et_pb_column][et_pb_column type=&#8221;1_4&#8243; _builder_version=&#8221;4.8.2&#8243; _module_preset=&#8221;default&#8221;][et_pb_image src=&#8221;https:\/\/codmedia.hu\/wp-content\/uploads\/2021\/02\/PngItem_374378.png&#8221; title_text=&#8221;PngItem_374378&#8243; _builder_version=&#8221;4.8.2&#8243; _module_preset=&#8221;default&#8221;][\/et_pb_image][\/et_pb_column][et_pb_column type=&#8221;1_4&#8243; _builder_version=&#8221;4.8.2&#8243; _module_preset=&#8221;default&#8221;][et_pb_image src=&#8221;https:\/\/codmedia.hu\/wp-content\/uploads\/2021\/02\/PngItem_340227.png&#8221; title_text=&#8221;PngItem_340227&#8243; _builder_version=&#8221;4.8.2&#8243; _module_preset=&#8221;default&#8221; custom_margin=&#8221;27px|||||&#8221;][\/et_pb_image][\/et_pb_column][et_pb_column type=&#8221;1_4&#8243; _builder_version=&#8221;4.8.2&#8243; _module_preset=&#8221;default&#8221;][et_pb_image src=&#8221;https:\/\/codmedia.hu\/wp-content\/uploads\/2021\/02\/PngItem_263103.png&#8221; title_text=&#8221;PngItem_263103&#8243; _builder_version=&#8221;4.8.2&#8243; _module_preset=&#8221;default&#8221; custom_margin=&#8221;53px|||||&#8221;][\/et_pb_image][\/et_pb_column][\/et_pb_row][\/et_pb_section][et_pb_section fb_built=&#8221;1&#8243; module_id=&#8221;elerhetoseg&#8221; _builder_version=&#8221;4.8.2&#8243; _module_preset=&#8221;default&#8221; background_color=&#8221;#2c3240&#8243; use_background_color_gradient=&#8221;on&#8221; background_color_gradient_start=&#8221;#000000&#8243; background_color_gradient_end=&#8221;#3d94ac&#8221; background_color_gradient_direction=&#8221;154deg&#8221; background_color_gradient_end_position=&#8221;64%&#8221;][et_pb_row column_structure=&#8221;1_2,1_2&#8243; _builder_version=&#8221;4.8.2&#8243; _module_preset=&#8221;default&#8221;][et_pb_column type=&#8221;1_2&#8243; _builder_version=&#8221;4.8.2&#8243; _module_preset=&#8221;default&#8221;][et_pb_text _builder_version=&#8221;4.8.2&#8243; _module_preset=&#8221;default&#8221; text_font=&#8221;|800||on|||||&#8221; text_text_color=&#8221;#FFFFFF&#8221; text_font_size=&#8221;32px&#8221;]<\/p>\n<p>Kapcsolat<\/p>\n<p>[\/et_pb_text][et_pb_text disabled_on=&#8221;on|on|on&#8221; _builder_version=&#8221;4.8.2&#8243; _module_preset=&#8221;default&#8221; text_text_color=&#8221;#FFFFFF&#8221; disabled=&#8221;on&#8221;]<\/p>\n<p>Your content goes here. Edit or remove this text inline or in the module Content settings.<\/p>\n<p>[\/et_pb_text][et_pb_text _builder_version=&#8221;4.8.2&#8243; _module_preset=&#8221;default&#8221; text_text_color=&#8221;#FFFFFF&#8221; header_text_color=&#8221;#FFFFFF&#8221;]<\/p>\n<p><a class=\"\" href=\"mailto:info@codmedia.hu\">info@codmedia.hu<\/a><\/p>\n<p>\u260e \u00a0+36 70 615 7141<\/p>\n<h1>\u00a0<\/h1>\n<p>[\/et_pb_text][\/et_pb_column][et_pb_column type=&#8221;1_2&#8243; _builder_version=&#8221;4.8.2&#8243; _module_preset=&#8221;default&#8221;][et_pb_contact_form _builder_version=&#8221;4.8.2&#8243; _module_preset=&#8221;default&#8221; custom_button=&#8221;on&#8221; button_text_color=&#8221;#FFFFFF&#8221; button_bg_color=&#8221;#3d94ac&#8221; button_border_width=&#8221;0px&#8221;][et_pb_contact_field field_id=&#8221;Name&#8221; field_title=&#8221;N\u00e9v&#8221; _builder_version=&#8221;3.16&#8243; button_text_size__hover_enabled=&#8221;off&#8221; button_one_text_size__hover_enabled=&#8221;off&#8221; button_two_text_size__hover_enabled=&#8221;off&#8221; button_text_color__hover_enabled=&#8221;off&#8221; button_one_text_color__hover_enabled=&#8221;off&#8221; button_two_text_color__hover_enabled=&#8221;off&#8221; button_border_width__hover_enabled=&#8221;off&#8221; button_one_border_width__hover_enabled=&#8221;off&#8221; button_two_border_width__hover_enabled=&#8221;off&#8221; button_border_color__hover_enabled=&#8221;off&#8221; button_one_border_color__hover_enabled=&#8221;off&#8221; button_two_border_color__hover_enabled=&#8221;off&#8221; button_border_radius__hover_enabled=&#8221;off&#8221; button_one_border_radius__hover_enabled=&#8221;off&#8221; button_two_border_radius__hover_enabled=&#8221;off&#8221; button_letter_spacing__hover_enabled=&#8221;off&#8221; button_one_letter_spacing__hover_enabled=&#8221;off&#8221; button_two_letter_spacing__hover_enabled=&#8221;off&#8221; button_bg_color__hover_enabled=&#8221;off&#8221; button_one_bg_color__hover_enabled=&#8221;off&#8221; button_two_bg_color__hover_enabled=&#8221;off&#8221;][\/et_pb_contact_field][et_pb_contact_field field_id=&#8221;Email&#8221; field_title=&#8221;Email c\u00edm&#8221; field_type=&#8221;email&#8221; _builder_version=&#8221;3.16&#8243; button_text_size__hover_enabled=&#8221;off&#8221; button_one_text_size__hover_enabled=&#8221;off&#8221; button_two_text_size__hover_enabled=&#8221;off&#8221; button_text_color__hover_enabled=&#8221;off&#8221; button_one_text_color__hover_enabled=&#8221;off&#8221; button_two_text_color__hover_enabled=&#8221;off&#8221; button_border_width__hover_enabled=&#8221;off&#8221; button_one_border_width__hover_enabled=&#8221;off&#8221; button_two_border_width__hover_enabled=&#8221;off&#8221; button_border_color__hover_enabled=&#8221;off&#8221; button_one_border_color__hover_enabled=&#8221;off&#8221; button_two_border_color__hover_enabled=&#8221;off&#8221; button_border_radius__hover_enabled=&#8221;off&#8221; button_one_border_radius__hover_enabled=&#8221;off&#8221; button_two_border_radius__hover_enabled=&#8221;off&#8221; button_letter_spacing__hover_enabled=&#8221;off&#8221; button_one_letter_spacing__hover_enabled=&#8221;off&#8221; button_two_letter_spacing__hover_enabled=&#8221;off&#8221; button_bg_color__hover_enabled=&#8221;off&#8221; button_one_bg_color__hover_enabled=&#8221;off&#8221; button_two_bg_color__hover_enabled=&#8221;off&#8221;][\/et_pb_contact_field][et_pb_contact_field field_id=&#8221;Message&#8221; field_title=&#8221;\u00dczenet&#8221; field_type=&#8221;text&#8221; fullwidth_field=&#8221;on&#8221; _builder_version=&#8221;3.16&#8243; button_text_size__hover_enabled=&#8221;off&#8221; button_one_text_size__hover_enabled=&#8221;off&#8221; button_two_text_size__hover_enabled=&#8221;off&#8221; button_text_color__hover_enabled=&#8221;off&#8221; button_one_text_color__hover_enabled=&#8221;off&#8221; button_two_text_color__hover_enabled=&#8221;off&#8221; button_border_width__hover_enabled=&#8221;off&#8221; button_one_border_width__hover_enabled=&#8221;off&#8221; button_two_border_width__hover_enabled=&#8221;off&#8221; button_border_color__hover_enabled=&#8221;off&#8221; button_one_border_color__hover_enabled=&#8221;off&#8221; button_two_border_color__hover_enabled=&#8221;off&#8221; button_border_radius__hover_enabled=&#8221;off&#8221; button_one_border_radius__hover_enabled=&#8221;off&#8221; button_two_border_radius__hover_enabled=&#8221;off&#8221; button_letter_spacing__hover_enabled=&#8221;off&#8221; button_one_letter_spacing__hover_enabled=&#8221;off&#8221; button_two_letter_spacing__hover_enabled=&#8221;off&#8221; button_bg_color__hover_enabled=&#8221;off&#8221; button_one_bg_color__hover_enabled=&#8221;off&#8221; button_two_bg_color__hover_enabled=&#8221;off&#8221;][\/et_pb_contact_field][\/et_pb_contact_form][\/et_pb_column][\/et_pb_row][\/et_pb_section]<\/p>\n","protected":false},"excerpt":{"rendered":"<p>[et_pb_section fb_built=&#8221;1&#8243; fullwidth=&#8221;on&#8221; _builder_version=&#8221;4.8.2&#8243; _module_preset=&#8221;default&#8221;][et_pb_fullwidth_slider use_bg_overlay=&#8221;off&#8221; use_text_overlay=&#8221;off&#8221; _builder_version=&#8221;4.8.2&#8243; _module_preset=&#8221;default&#8221; header_font=&#8221;|800|||||||&#8221; header_text_align=&#8221;left&#8221; custom_button=&#8221;on&#8221; button_bg_color=&#8221;#3d94ac&#8221; button_border_width=&#8221;0px&#8221; text_orientation=&#8221;left&#8221;][et_pb_slide heading=&#8221;Grafika \u00e9s design tervez\u00e9s&#8221; button_text=&#8221;Szolg\u00e1ltat\u00e1s megrendel\u00e9se&#8221; button_link=&#8221;#elerhetoseg&#8221; _builder_version=&#8221;4.8.2&#8243; _module_preset=&#8221;default&#8221; background_color=&#8221;rgba(0,0,0,0.55)&#8221; background_enable_color=&#8221;on&#8221; background_image=&#8221;https:\/\/codmedia.hu\/wp-content\/uploads\/2021\/02\/pexels-cottonbro-5054208-scaled.jpg&#8221; background_enable_image=&#8221;on&#8221; background_blend=&#8221;overlay&#8221; sticky_transition=&#8221;on&#8221;][\/et_pb_slide][et_pb_slide heading=&#8221;Online \u00e9s offline marketing&#8221; button_text=&#8221;Szolg\u00e1ltat\u00e1s megrendel\u00e9se&#8221; button_link=&#8221;#elerhetoseg&#8221; _builder_version=&#8221;4.8.2&#8243; _module_preset=&#8221;default&#8221; background_color=&#8221;rgba(0,0,0,0.55)&#8221; background_enable_color=&#8221;on&#8221; background_image=&#8221;https:\/\/codmedia.hu\/wp-content\/uploads\/2021\/02\/headway-5QgIuuBxKwM-unsplash-scaled.jpg&#8221; background_enable_image=&#8221;on&#8221; background_blend=&#8221;overlay&#8221; sticky_transition=&#8221;on&#8221;][\/et_pb_slide][et_pb_slide heading=&#8221;Rendezv\u00e9nyszervez\u00e9s&#8221; button_text=&#8221;Szolg\u00e1ltat\u00e1s megrendel\u00e9se&#8221; button_link=&#8221;#elerhetoseg&#8221; _builder_version=&#8221;4.8.2&#8243; _module_preset=&#8221;default&#8221; background_color=&#8221;rgba(34,34,34,0.74)&#8221; background_enable_color=&#8221;on&#8221; background_image=&#8221;https:\/\/codmedia.hu\/wp-content\/uploads\/2021\/02\/pexels-skitterphoto-722708-scaled.jpg&#8221; background_enable_image=&#8221;on&#8221; [&hellip;]<\/p>\n","protected":false},"author":2,"featured_media":0,"parent":0,"menu_order":0,"comment_status":"closed","ping_status":"closed","template":"","meta":{"_et_pb_use_builder":"on","_et_pb_old_content":"<!-- wp:divi\/placeholder \/-->","_et_gb_content_width":""},"_links":{"self":[{"href":"https:\/\/codmedia.hu\/index.php\/wp-json\/wp\/v2\/pages\/16"}],"collection":[{"href":"https:\/\/codmedia.hu\/index.php\/wp-json\/wp\/v2\/pages"}],"about":[{"href":"https:\/\/codmedia.hu\/index.php\/wp-json\/wp\/v2\/types\/page"}],"author":[{"embeddable":true,"href":"https:\/\/codmedia.hu\/index.php\/wp-json\/wp\/v2\/users\/2"}],"replies":[{"embeddable":true,"href":"https:\/\/codmedia.hu\/index.php\/wp-json\/wp\/v2\/comments?post=16"}],"version-history":[{"count":27,"href":"https:\/\/codmedia.hu\/index.php\/wp-json\/wp\/v2\/pages\/16\/revisions"}],"predecessor-version":[{"id":106,"href":"https:\/\/codmedia.hu\/index.php\/wp-json\/wp\/v2\/pages\/16\/revisions\/106"}],"wp:attachment":[{"href":"https:\/\/codmedia.hu\/index.php\/wp-json\/wp\/v2\/media?parent=16"}],"curies":[{"name":"wp","href":"https:\/\/api.w.org\/{rel}","templated":true}]}}